{"id":3666,"date":"2026-01-17T23:05:54","date_gmt":"2026-01-17T23:05:54","guid":{"rendered":"https:\/\/parkflyvilnius.lt\/our-clients\/reviews\/"},"modified":"2026-01-24T06:38:13","modified_gmt":"2026-01-24T06:38:13","slug":"reviews","status":"publish","type":"page","link":"https:\/\/parkflyvilnius.lt\/en\/our-clients\/reviews\/","title":{"rendered":"Reviews"},"content":{"rendered":"\t\t<div data-elementor-type=\"wp-page\" data-elementor-id=\"3666\" class=\"elementor elementor-3666 elementor-3426\" data-elementor-post-type=\"page\">\n\t\t\t\t<div class=\"elementor-element elementor-element-6eb0cb26 e-flex e-con-boxed e-con e-parent\" data-id=\"6eb0cb26\" data-element_type=\"container\" data-settings=\"{&quot;background_background&quot;:&quot;gradient&quot;,&quot;shape_divider_bottom&quot;:&quot;waves&quot;}\">\n\t\t\t\t\t<div class=\"e-con-inner\">\n\t\t\t\t<div class=\"elementor-shape elementor-shape-bottom\" aria-hidden=\"true\" data-negative=\"false\">\n\t\t\t<svg xmlns=\"http:\/\/www.w3.org\/2000\/svg\" viewBox=\"0 0 1000 100\" preserveAspectRatio=\"none\">\n\t<path class=\"elementor-shape-fill\" d=\"M421.9,6.5c22.6-2.5,51.5,0.4,75.5,5.3c23.6,4.9,70.9,23.5,100.5,35.7c75.8,32.2,133.7,44.5,192.6,49.7\n\tc23.6,2.1,48.7,3.5,103.4-2.5c54.7-6,106.2-25.6,106.2-25.6V0H0v30.3c0,0,72,32.6,158.4,30.5c39.2-0.7,92.8-6.7,134-22.4\n\tc21.2-8.1,52.2-18.2,79.7-24.2C399.3,7.9,411.6,7.5,421.9,6.5z\"\/>\n<\/svg>\t\t<\/div>\n\t\t\t\t<div class=\"elementor-element elementor-element-402d55b8 elementor-widget elementor-widget-heading\" data-id=\"402d55b8\" data-element_type=\"widget\" data-widget_type=\"heading.default\">\n\t\t\t\t\t<h1 class=\"elementor-heading-title elementor-size-default\">Reviews<\/h1>\t\t\t\t<\/div>\n\t\t\t\t<div class=\"elementor-element elementor-element-281c41a5 elementor-widget elementor-widget-heading\" data-id=\"281c41a5\" data-element_type=\"widget\" data-widget_type=\"heading.default\">\n\t\t\t\t\t<h3 class=\"elementor-heading-title elementor-size-default\">PARK FLY VILNIUS<\/h3>\t\t\t\t<\/div>\n\t\t\t\t\t<\/div>\n\t\t\t\t<\/div>\n\t\t<div class=\"elementor-element elementor-element-125f3040 e-flex e-con-boxed e-con e-parent\" data-id=\"125f3040\" data-element_type=\"container\" data-settings=\"{&quot;background_background&quot;:&quot;classic&quot;}\">\n\t\t\t\t\t<div class=\"e-con-inner\">\n\t\t\t\t<div class=\"elementor-element elementor-element-537f70e0 elementor-widget__width-initial elementor-widget elementor-widget-heading\" data-id=\"537f70e0\" data-element_type=\"widget\" data-widget_type=\"heading.default\">\n\t\t\t\t\t<h2 class=\"elementor-heading-title elementor-size-default\">What our customers say about us<\/h2>\t\t\t\t<\/div>\n\t\t<div class=\"elementor-element elementor-element-15b68415 e-con-full e-flex e-con e-child\" data-id=\"15b68415\" data-element_type=\"container\">\n\t\t\t\t<div class=\"elementor-element elementor-element-4761e6c5 elementor-widget-divider--view-line_icon elementor-view-default elementor-widget-divider--element-align-center elementor-widget elementor-widget-divider\" data-id=\"4761e6c5\" data-element_type=\"widget\" data-widget_type=\"divider.default\">\n\t\t\t\t\t\t\t<div class=\"elementor-divider\">\n\t\t\t<span class=\"elementor-divider-separator\">\n\t\t\t\t\t\t\t<div class=\"elementor-icon elementor-divider__element\">\n\t\t\t\t\t<svg aria-hidden=\"true\" class=\"e-font-icon-svg e-fas-quote-left\" viewBox=\"0 0 512 512\" xmlns=\"http:\/\/www.w3.org\/2000\/svg\"><path d=\"M464 256h-80v-64c0-35.3 28.7-64 64-64h8c13.3 0 24-10.7 24-24V56c0-13.3-10.7-24-24-24h-8c-88.4 0-160 71.6-160 160v240c0 26.5 21.5 48 48 48h128c26.5 0 48-21.5 48-48V304c0-26.5-21.5-48-48-48zm-288 0H96v-64c0-35.3 28.7-64 64-64h8c13.3 0 24-10.7 24-24V56c0-13.3-10.7-24-24-24h-8C71.6 32 0 103.6 0 192v240c0 26.5 21.5 48 48 48h128c26.5 0 48-21.5 48-48V304c0-26.5-21.5-48-48-48z\"><\/path><\/svg><\/div>\n\t\t\t\t\t\t<\/span>\n\t\t<\/div>\n\t\t\t\t\t\t<\/div>\n\t\t\t\t<div class=\"elementor-element elementor-element-3761d8f4 elementor-widget__width-initial elementor-widget elementor-widget-testimonial\" data-id=\"3761d8f4\" data-element_type=\"widget\" data-widget_type=\"testimonial.default\">\n\t\t\t\t\t\t\t<div class=\"elementor-testimonial-wrapper\">\n\t\t\t\t\t\t\t<div class=\"elementor-testimonial-content\">\"We used PARK FLY VILNIUS before our trip - we were planning our flight and wanted everything to go smoothly from arrival to airport. I immediately liked the clear and simple booking process - we chose our parking time and method within minutes.  <br>On arrival, the parking space was easy to find, the site was tidy and the car park was monitored and secure.\"<\/div>\n\t\t\t\n\t\t\t\t\t\t<div class=\"elementor-testimonial-meta elementor-has-image elementor-testimonial-image-position-top\">\n\t\t\t\t<div class=\"elementor-testimonial-meta-inner\">\n\t\t\t\t\t\t\t\t\t\t\t<div class=\"elementor-testimonial-image\">\n\t\t\t\t\t\t\t<a href=\"#\"><img decoding=\"async\" width=\"193\" height=\"193\" src=\"https:\/\/parkflyvilnius.lt\/wp-content\/uploads\/2025\/12\/Testimonial-2.png\" class=\"attachment-full size-full wp-image-41\" alt=\"\" srcset=\"https:\/\/parkflyvilnius.lt\/wp-content\/uploads\/2025\/12\/Testimonial-2.png 193w, https:\/\/parkflyvilnius.lt\/wp-content\/uploads\/2025\/12\/Testimonial-2-100x100.png 100w, https:\/\/parkflyvilnius.lt\/wp-content\/uploads\/2025\/12\/Testimonial-2-150x150.png 150w\" sizes=\"(max-width: 193px) 100vw, 193px\" \/><\/a>\t\t\t\t\t\t<\/div>\n\t\t\t\t\t\n\t\t\t\t\t\t\t\t\t\t<div class=\"elementor-testimonial-details\">\n\t\t\t\t\t\t\t\t\t\t\t\t\t\t<a class=\"elementor-testimonial-name\" href=\"#\">Justina K.<\/a>\n\t\t\t\t\t\t\t\t\t\t\t\t\t\t\t\t\t\t\t<\/div>\n\t\t\t\t\t\t\t\t\t<\/div>\n\t\t\t<\/div>\n\t\t\t\t\t<\/div>\n\t\t\t\t\t\t<\/div>\n\t\t\t\t<div class=\"elementor-element elementor-element-14d4331 elementor-widget-divider--view-line_icon elementor-view-default elementor-widget-divider--element-align-center elementor-widget elementor-widget-divider\" data-id=\"14d4331\" data-element_type=\"widget\" data-widget_type=\"divider.default\">\n\t\t\t\t\t\t\t<div class=\"elementor-divider\">\n\t\t\t<span class=\"elementor-divider-separator\">\n\t\t\t\t\t\t\t<div class=\"elementor-icon elementor-divider__element\">\n\t\t\t\t\t<svg aria-hidden=\"true\" class=\"e-font-icon-svg e-fas-quote-left\" viewBox=\"0 0 512 512\" xmlns=\"http:\/\/www.w3.org\/2000\/svg\"><path d=\"M464 256h-80v-64c0-35.3 28.7-64 64-64h8c13.3 0 24-10.7 24-24V56c0-13.3-10.7-24-24-24h-8c-88.4 0-160 71.6-160 160v240c0 26.5 21.5 48 48 48h128c26.5 0 48-21.5 48-48V304c0-26.5-21.5-48-48-48zm-288 0H96v-64c0-35.3 28.7-64 64-64h8c13.3 0 24-10.7 24-24V56c0-13.3-10.7-24-24-24h-8C71.6 32 0 103.6 0 192v240c0 26.5 21.5 48 48 48h128c26.5 0 48-21.5 48-48V304c0-26.5-21.5-48-48-48z\"><\/path><\/svg><\/div>\n\t\t\t\t\t\t<\/span>\n\t\t<\/div>\n\t\t\t\t\t\t<\/div>\n\t\t\t\t<\/div>\n\t\t\t\t<div class=\"elementor-element elementor-element-fdefdd6 elementor-widget elementor-widget-template\" data-id=\"fdefdd6\" data-element_type=\"widget\" data-widget_type=\"template.default\">\n\t\t\t\t<div class=\"elementor-widget-container\">\n\t\t\t\t\t\t\t<div class=\"elementor-template\">\n\t\t\t\t\t<div data-elementor-type=\"container\" data-elementor-id=\"3552\" class=\"elementor elementor-3552 elementor-2838\" data-elementor-post-type=\"elementor_library\">\n\t\t\t\t<div class=\"elementor-element elementor-element-895cb69 e-con-full e-flex e-con e-child\" data-id=\"895cb69\" data-element_type=\"container\" id=\"rezervacija\">\n\t\t\t\t<div class=\"elementor-element elementor-element-13ad5d51 elementor-widget elementor-widget-shortcode\" data-id=\"13ad5d51\" data-element_type=\"widget\" id=\"rezervuoti-vieta\" data-widget_type=\"shortcode.default\">\n\t\t\t\t\t\t\t<div class=\"elementor-shortcode\">\t\t<div class=\"cpbs-main cpbs-booking-form-id-529 cpbs-google-map-enable-0 cpbs-location-field-enable-0 cpbs-clear-fix cpbs-hidden cpbs-booking-form-widget-mode cpbs-booking-form-widget-mode-style-2\" id=\"cpbs_booking_form_0B553E8E0589D9B3834B90D1B5502AEB\">\n\t\t\t<form name=\"cpbs-form\" enctype=\"multipart\/form-data\">\n\t\t\t\t<div class=\"cpbs-main-content cpbs-clear-fix\">\n \n\t\t\t\t\t\t<div class=\"cpbs-main-content-step-1\">\n\t\t<div class=\"cpbs-notice cpbs-hidden\"><\/div>\n\t\t<div class=\"cpbs-clear-fix cpbs-form-panel\">\n\t\t\t<div>\n\t\t\t\t<div>\n\t\t\t\t\t<div>\n\t\t\t\t\t\t<div>\n\t\t\t\t\t\t\t<div class=\"cpbs-header cpbs-header-style-4\">\nEntry Date and Time\t\t\t\t\t\t\t<\/div>\n\t\t\t\t\t\t\t<div>\n\t\t\t\t\t\t\t\t<div class=\"cpbs-form-field\">\n\t\t\t\t\t\t\t\t\t<label class=\"cpbs-form-field-label\">Entry date<\/label>\n\t\t\t\t\t\t\t\t\t<input type=\"text\" name=\"cpbs_entry_date\" class=\"cpbs-datepicker\" value=\"\" autocomplete=\"off\"\/>\n\t\t\t\t\t\t\t\t<\/div>\n\t\t\t\t\t\t\n\t\t\t\t\t\t\t\t<div class=\"cpbs-form-field\">\n\t\t\t\t\t\t\t\t\t<label class=\"cpbs-form-field-label\">Entry time<\/label>\n\t\t\t\t\t\t\t\t\t<input type=\"text\" name=\"cpbs_entry_time\" class=\"cpbs-timepicker\" value=\"\" autocomplete=\"off\"\/>\n\t\t\t\t\t\t\t\t<\/div>\t\n\t\t\t\t\t\t\t<\/div>\n\t\t\t\t\t\t<\/div>\n\t\t\t\t\t\t<div>\n\t\t\t\t\t\t\t<div class=\"cpbs-header cpbs-header-style-4\">\nExit Date and Time\t\t\t\t\t\t\t<\/div>\n\t\t\t\t\t\t\t<div>\n\t\t\t\t\t\t\t\t<div class=\"cpbs-form-field\">\n\t\t\t\t\t\t\t\t\t<label class=\"cpbs-form-field-label\">Exit date<\/label>\n\t\t\t\t\t\t\t\t\t<input type=\"text\" name=\"cpbs_exit_date\" class=\"cpbs-datepicker\" value=\"\" autocomplete=\"off\"\/>\n\t\t\t\t\t\t\t\t<\/div>\n\t\t\t\t\t\t\t\t<div class=\"cpbs-form-field\">\n\t\t\t\t\t\t\t\t\t<label class=\"cpbs-form-field-label\">Exit time<\/label>\n\t\t\t\t\t\t\t\t\t<input type=\"text\" name=\"cpbs_exit_time\" class=\"cpbs-timepicker\" value=\"\" autocomplete=\"off\"\/>\n\t\t\t\t\t\t\t\t<\/div>\t\n\t\t\t\t\t\t\t<\/div>\n\t\t\t\t\t\t<\/div>\n\t\t\t\t\t<\/div>\n\t\t\t\t\t\n\t\t\t\t\t<div>\n\t\t\t\t\t\t<input type=\"submit\" value=\"Get My Quote\" class=\"cpbs-button cpbs-button-style-1\"\/>\n\t\t\t\t\t<\/div>\n\t\t\t\t<\/div>\n\t\t\t<\/div>\n\t\t<\/div>\t\t\t\t\t\t\t<\/div>\n\t\t\t\t<\/div>\n\n\t\t\t\t<input type=\"hidden\" name=\"action\" data-value=\"\"\/>\n\n\t\t\t\t<input type=\"hidden\" name=\"cpbs_step\" data-value=\"1\"\/>\n\t\t\t\t<input type=\"hidden\" name=\"cpbs_step_request\" data-value=\"1\"\/>\n\n\t\t\t\t<input type=\"hidden\" name=\"cpbs_place_type_id\" data-value=\"0\"\/>\n\t\t\t\t<input type=\"hidden\" name=\"cpbs_payment_id\" data-value=\"\"\/>\n\t\t\t\t<input type=\"hidden\" name=\"cpbs_booking_extra_id\" data-value=\"0\"\/>\n\n\t\t\t\t<input type=\"hidden\" name=\"cpbs_booking_form_id\" data-value=\"529\"\/>\n\n\t\t\t\t<input type=\"hidden\" name=\"cpbs_post_id\" data-value=\"3666\"\/>\n\n\t\t\t\t<input type=\"hidden\" name=\"cpbs_currency\" data-value=\"EUR\"\/>\n\n\t\t\t<\/form>\n\t\t\t<div id=\"cpbs-payment-form\">\n  \n\t\t\t<\/div>\n\n\t\t\t\t<div id=\"cpbs-preloader\"><\/div>\n\n\t\t\t<div id=\"cpbs-preloader-start\"><\/div>\n\t\t\t\t<div class=\"cpbs-location-info-frame\" data-location_id=\"10\"> \n\n\t\t\t\t\t<div>\n\n\t\t\t\t\t\t<div class=\"cpbs-layout-50x50 cpbs-clear-fix\">\n\n\t\t\t\t\t\t\t<div class=\"cpbs-layout-column-left cpbs-location-info-frame-name\">\n\n\t\t\t\t\t\t\t\t<div class=\"cpbs-header cpbs-header-style-2\">Vilnius - Ei\u0161i\u0161ki\u0173 pl. 127<\/div>\n\t\t\t\t\t\t\t\t<div>\nEi\u0161i\u0161ki\u0173 pl. 127<br>02185 Vilnius\t\t\t\t\t\t\t\t<\/div>\n\n\t\t\t\t\t\t\t<\/div>\n\n\t\t\t\t\t\t\t<div class=\"cpbs-layout-column-right cpbs-location-info-frame-place-type\">\n\t\t\t\t\t\t\t\t<div class=\"cpbs-list\">\n\n\t\t\t\t\t\t<div class=\"cpbs-list-item\">\n\t\t\t\t\t\t\t<div style=\"background-color:#004280;\">\n\t\t\t\t\t\t\t\t<span class=\"cpbs-feature-icon-02\"><\/span>\n\t\t\t\t\t\t\t\t<div>\n\t\t\t\t\t\t\t\t\t<span>5\u20ac\/para \u2013\u00a0Lengvasis automobilis<\/span>\n\t\t\t\t\t\t\t\t\t<span>400 spaces<\/span>\n\t\t\t\t\t\t\t\t<\/div>\n\t\t\t\t\t\t\t<\/div>\n\t\t\t\t\t\t<\/div>\n\t\t\t\t\t\n\t\t\t\t\t\t<div class=\"cpbs-list-item\">\n\t\t\t\t\t\t\t<div style=\"background-color:#2c3e50;\">\n\t\t\t\t\t\t\t\t<span class=\"cpbs-feature-icon-04\"><\/span>\n\t\t\t\t\t\t\t\t<div>\n\t\t\t\t\t\t\t\t\t<span>10\u20ac\/para \u2013\u00a0Mikroautobusas<\/span>\n\t\t\t\t\t\t\t\t\t<span>50 spaces<\/span>\n\t\t\t\t\t\t\t\t<\/div>\n\t\t\t\t\t\t\t<\/div>\n\t\t\t\t\t\t<\/div>\n\t\t\t\t\t\n\t\t\t\t\t\t<div class=\"cpbs-list-item\">\n\t\t\t\t\t\t\t<div style=\"background-color:#8a5165;\">\n\t\t\t\t\t\t\t\t<span class=\"cpbs-feature-icon-03\"><\/span>\n\t\t\t\t\t\t\t\t<div>\n\t\t\t\t\t\t\t\t\t<span>14\u20ac\/para \u2013\u00a0Kemperis<\/span>\n\t\t\t\t\t\t\t\t\t<span>10 spaces<\/span>\n\t\t\t\t\t\t\t\t<\/div>\n\t\t\t\t\t\t\t<\/div>\n\t\t\t\t\t\t<\/div>\n\t\t\t\t\t\n\t\t\t\t\t\t<div class=\"cpbs-list-item\">\n\t\t\t\t\t\t\t<div style=\"background-color:#53414e;\">\n\t\t\t\t\t\t\t\t<span class=\"cpbs-feature-icon-06\"><\/span>\n\t\t\t\t\t\t\t\t<div>\n\t\t\t\t\t\t\t\t\t<span>17\u20ac\/para \u2013\u00a0Autobusas<\/span>\n\t\t\t\t\t\t\t\t\t<span>5 spaces<\/span>\n\t\t\t\t\t\t\t\t<\/div>\n\t\t\t\t\t\t\t<\/div>\n\t\t\t\t\t\t<\/div>\n\t\t\t\t\t\t\t\n\t\t\t\t\t\t\t\t<\/div>\n\t\t\t\t\t\t\t<\/div>\t\n\t\t\t\t\t\t<\/div>\n\t\t\t\t\t\t\t<div class=\"cpbs-location-info-frame-image\">\n\t\t\t\t\t\t\t\t<img fetchpriority=\"high\" decoding=\"async\" width=\"1600\" height=\"1101\" src=\"https:\/\/parkflyvilnius.lt\/wp-content\/uploads\/2025\/12\/dkgun0y1vza.jpg\" class=\"attachment-full size-full wp-post-image\" alt=\"white honda sedan on road during daytime\" srcset=\"https:\/\/parkflyvilnius.lt\/wp-content\/uploads\/2025\/12\/dkgun0y1vza.jpg 1600w, https:\/\/parkflyvilnius.lt\/wp-content\/uploads\/2025\/12\/dkgun0y1vza-600x413.jpg 600w, https:\/\/parkflyvilnius.lt\/wp-content\/uploads\/2025\/12\/dkgun0y1vza-300x206.jpg 300w, https:\/\/parkflyvilnius.lt\/wp-content\/uploads\/2025\/12\/dkgun0y1vza-1024x705.jpg 1024w, https:\/\/parkflyvilnius.lt\/wp-content\/uploads\/2025\/12\/dkgun0y1vza-768x528.jpg 768w, https:\/\/parkflyvilnius.lt\/wp-content\/uploads\/2025\/12\/dkgun0y1vza-1536x1057.jpg 1536w\" sizes=\"(max-width: 1600px) 100vw, 1600px\" \/>\t\t\t\t\t\t\t<\/div>\n\n\t\t\t\t\t\t<div class=\"cpbs-layout-50x25x25\">\n\n\t\t\t\t\t\t\t<div class=\"cpbs-layout-column-left cpbs-location-info-frame-description\">\n\t\t\t\t\t\t\t\tSaugiai palikite savo automobil\u012f \u0161alia Vilniaus Oro Uosto (VNO).\r\nVos 6 minut\u0117s nuo Vilniaus oro uosto terminalo.\r\nStrategi\u0161kai patogi lokacija leid\u017eia greitai pasiekti terminal\u0105 ir i\u0161vengti papildom\u0173 i\u0161laid\u0173 bei ilgo va\u017eiavimo miesto gatv\u0117mis.\t\t\t\t\t\t\t<\/div>\n\n\t\t\t\t\t\t\t<div class=\"cpbs-layout-column-center cpbs-location-info-frame-contact-detail\">\n\t\t\t\t\t\t\t\t<label>Contact<\/label>\n<div>Phone: \u202d+370 (686) 75 510\u202c<\/div><div><a href=\"info@parkflyvilnius.lt\">info@parkflyvilnius.lt<\/a><\/div>\t\t\t\t\t\t\t<\/div>\t\n\n\t\t\t\t\t\t\t<div class=\"cpbs-layout-column-right cpbs-location-info-frame-business-hour\">\n\t\t\t\t\t\t\t\t<label>Business hours<\/label>\n\t\t\t\t\t\t\t\tMonday: 00:00 - 23:59<br\/>Tuesday: 00:00 - 23:59<br\/>Wednesday: 00:00 - 23:59<br\/>Thursday: 00:00 - 23:59<br\/>Friday: 00:00 - 23:59<br\/>Saturday: 00:00 - 23:59<br\/>Sunday: 00:00 - 23:59\t\t\t\t\t\t\t<\/div>\t\n\n\t\t\t\t\t\t<\/div>\n\n\t\t\t\t\t<\/div>\n\n\t\t\t\t<\/div>\n\t\t<\/div>\n\r\n\t\t\t\t<script>\r\n\t\t\t\t\t\n\t\t\tjQuery(document).ready(function($)\n\t\t\t{\t\t\t\n\t\t\t\t$('#cpbs_booking_form_0B553E8E0589D9B3834B90D1B5502AEB').CPBSBookingForm(\n\t\t\t\t{\n\t\t\t\t\tbooking_form_id: '529',\n\t\t\t\t\tplugin_version: '3.5',\n\t\t\t\t\twidget:\n\t\t\t\t\t{\n\t\t\t\t\t\tmode: 1,\n\t\t\t\t\t\tbooking_form_url: 'https:\/\/parkflyvilnius.lt\/rezervacija\/'\n\t\t\t\t\t},\n\t\t\t\t\tajax_url: 'https:\/\/parkflyvilnius.lt\/wp-admin\/admin-ajax.php',\n\t\t\t\t\tplugin_url: 'https:\/\/parkflyvilnius.lt\/wp-content\/plugins\/car-park-booking-system\/',\n\t\t\t\t\ttime_format: 'G:i',\n\t\t\t\t\tdate_format: 'd-m-Y',\n\t\t\t\t\tdate_format_js: 'dd-mm-yy',\n\t\t\t\t\tfirst_day_week: 1,\n\t\t\t\t\ttimepicker_step: '30',\n\t\t\t\t\tsummary_sidebar_sticky_enable: 1,\n\t\t\t\t\tlocation_id: 10,\n\t\t\t\t\tlocation_date_exclude: {\"10\":[]},\n\t\t\t\t\tlocation_business_hour: \n\t\t\t\t\t{\n\t\t\t\t\t\tentry: {\"10\":{\"available\":{\"1\":[{\"start\":\"00:00\",\"stop\":\"23:59\"}],\"2\":[{\"start\":\"00:00\",\"stop\":\"23:59\"}],\"3\":[{\"start\":\"00:00\",\"stop\":\"23:59\"}],\"4\":[{\"start\":\"00:00\",\"stop\":\"23:59\"}],\"5\":[{\"start\":\"00:00\",\"stop\":\"23:59\"}],\"6\":[{\"start\":\"00:00\",\"stop\":\"23:59\"}],\"7\":[{\"start\":\"00:00\",\"stop\":\"23:59\"}]},\"unavailable\":{\"1\":[{\"start\":\"00:00\",\"stop\":\"00:00\"},{\"start\":\"23:59\",\"stop\":\"24:00\"}],\"2\":[{\"start\":\"00:00\",\"stop\":\"00:00\"},{\"start\":\"23:59\",\"stop\":\"24:00\"}],\"3\":[{\"start\":\"00:00\",\"stop\":\"00:00\"},{\"start\":\"23:59\",\"stop\":\"24:00\"}],\"4\":[{\"start\":\"00:00\",\"stop\":\"00:00\"},{\"start\":\"23:59\",\"stop\":\"24:00\"}],\"5\":[{\"start\":\"00:00\",\"stop\":\"00:00\"},{\"start\":\"23:59\",\"stop\":\"24:00\"}],\"6\":[{\"start\":\"00:00\",\"stop\":\"00:00\"},{\"start\":\"23:59\",\"stop\":\"24:00\"}],\"7\":[{\"start\":\"00:00\",\"stop\":\"00:00\"},{\"start\":\"23:59\",\"stop\":\"24:00\"}]}}},\n\t\t\t\t\t\texit: {\"10\":{\"available\":{\"1\":[{\"start\":\"00:00\",\"stop\":\"23:59\"}],\"2\":[{\"start\":\"00:00\",\"stop\":\"23:59\"}],\"3\":[{\"start\":\"00:00\",\"stop\":\"23:59\"}],\"4\":[{\"start\":\"00:00\",\"stop\":\"23:59\"}],\"5\":[{\"start\":\"00:00\",\"stop\":\"23:59\"}],\"6\":[{\"start\":\"00:00\",\"stop\":\"23:59\"}],\"7\":[{\"start\":\"00:00\",\"stop\":\"23:59\"}]},\"unavailable\":{\"1\":[{\"start\":\"00:00\",\"stop\":\"00:00\"},{\"start\":\"23:59\",\"stop\":\"24:00\"}],\"2\":[{\"start\":\"00:00\",\"stop\":\"00:00\"},{\"start\":\"23:59\",\"stop\":\"24:00\"}],\"3\":[{\"start\":\"00:00\",\"stop\":\"00:00\"},{\"start\":\"23:59\",\"stop\":\"24:00\"}],\"4\":[{\"start\":\"00:00\",\"stop\":\"00:00\"},{\"start\":\"23:59\",\"stop\":\"24:00\"}],\"5\":[{\"start\":\"00:00\",\"stop\":\"00:00\"},{\"start\":\"23:59\",\"stop\":\"24:00\"}],\"6\":[{\"start\":\"00:00\",\"stop\":\"00:00\"},{\"start\":\"23:59\",\"stop\":\"24:00\"}],\"7\":[{\"start\":\"00:00\",\"stop\":\"00:00\"},{\"start\":\"23:59\",\"stop\":\"24:00\"}]}}}\n\t\t\t\t\t},\n\t\t\t\t\tlocation_time_default: {\"entry\":{\"10\":{\"1\":\"00:00\",\"2\":\"00:00\",\"3\":\"00:00\",\"4\":\"00:00\",\"5\":\"00:00\",\"6\":\"00:00\",\"7\":\"00:00\"}},\"exit\":{\"10\":{\"1\":\"23:59\",\"2\":\"23:59\",\"3\":\"23:59\",\"4\":\"23:59\",\"5\":\"23:59\",\"6\":\"23:59\",\"7\":\"23:59\"}}},\n\t\t\t\t\tlocation_entry_period: {\"10\":{\"min\":\"03-04-2026 23:05:00\",\"max\":null}},\n\t\t\t\t\tlocation_entry_period_format: {\"10\":{\"min\":\"03-04-2026\",\"max\":null}},\n\t\t\t\t\tlocation_coordinate: {\"10\":{\"lat\":\"54.6270644\",\"lng\":\"25.2448328\"}},\n\t\t\t\t\tlocation_payment_paypal_redirect_duration: {\"10\":\"5\"},\n\t\t\t\t\tlocation_detail_window_open_action: [\"1\",\"3\"],\n\t\t\t\t\tclient_coordinate: {\"lat\":\"39.9625\",\"lng\":\"-83.0061\"},   \n\t\t\t\t\tgeolocation_enable: [\"2\"],\n\t\t\t\t\tgooogleMapOption:\n\t\t\t\t\t{\t\n\t\t\t\t\t\tmap_id: '',\n\t\t\t\t\t\tmapControl:\n\t\t\t\t\t\t{\n\t\t\t\t\t\t\tid: 'ROADMAP'\n\t\t\t\t\t\t}\n\t\t\t\t\t},\n\t\t\t\t\tbooking_form_color: {\"1\":\"4632DA\",\"2\":\"4632DA\",\"3\":\"FFFFFF\",\"4\":\"778591\",\"5\":\"EAECEE\",\"6\":\"2C3E50\",\"7\":\"f4f4f4\",\"8\":\"9EA8B2\",\"9\":\"171717\",\"10\":\"C0C8D1\"},\n\t\t\t\t\tis_rtl: 0,\n\t\t\t\t\tscroll_to_booking_extra_after_select_place_enable: 1,\n\t\t\t\t\tredirect_to_next_step_after_select_place_enable: 0,\n\t\t\t\t\tsecond_step_next_button_enable: 0,\n\t\t\t\t\tcurrent_date: '03-04-2026',\n\t\t\t\t\tcurrent_time: '23:05'\n\t\t\t\t}).setup();\n\t\t\t});\t\n\t\t\r\n\t\t\t\t<\/script>\r\n\t\t\t<\/div>\n\t\t\t\t\t\t<\/div>\n\t\t\t\t<\/div>\n\t\t\t\t<\/div>\n\t\t\t\t<\/div>\n\t\t\t\t\t\t<\/div>\n\t\t\t\t<\/div>\n\t\t\t\t\t<\/div>\n\t\t\t\t<\/div>\n\t\t<div class=\"elementor-element elementor-element-1ee8af11 e-flex e-con-boxed e-con e-parent\" data-id=\"1ee8af11\" data-element_type=\"container\" data-settings=\"{&quot;background_background&quot;:&quot;gradient&quot;,&quot;shape_divider_top&quot;:&quot;waves&quot;}\">\n\t\t\t\t\t<div class=\"e-con-inner\">\n\t\t\t\t<div class=\"elementor-shape elementor-shape-top\" aria-hidden=\"true\" data-negative=\"false\">\n\t\t\t<svg xmlns=\"http:\/\/www.w3.org\/2000\/svg\" viewBox=\"0 0 1000 100\" preserveAspectRatio=\"none\">\n\t<path class=\"elementor-shape-fill\" d=\"M421.9,6.5c22.6-2.5,51.5,0.4,75.5,5.3c23.6,4.9,70.9,23.5,100.5,35.7c75.8,32.2,133.7,44.5,192.6,49.7\n\tc23.6,2.1,48.7,3.5,103.4-2.5c54.7-6,106.2-25.6,106.2-25.6V0H0v30.3c0,0,72,32.6,158.4,30.5c39.2-0.7,92.8-6.7,134-22.4\n\tc21.2-8.1,52.2-18.2,79.7-24.2C399.3,7.9,411.6,7.5,421.9,6.5z\"\/>\n<\/svg>\t\t<\/div>\n\t\t<div class=\"elementor-element elementor-element-6b65c260 e-con-full e-flex e-con e-child\" data-id=\"6b65c260\" data-element_type=\"container\">\n\t\t\t\t<div class=\"elementor-element elementor-element-1f8f978e elementor-widget elementor-widget-cta\" data-id=\"1f8f978e\" data-element_type=\"widget\" data-settings=\"{&quot;primary_button_shape&quot;:&quot;round&quot;,&quot;cta_vertical_position&quot;:&quot;end&quot;,&quot;layout_preset&quot;:&quot;focus&quot;,&quot;box_shape&quot;:&quot;sharp&quot;}\" data-widget_type=\"cta.default\">\n\t\t\t\t<div class=\"elementor-widget-container\">\n\t\t\t\t\t\t\t<div class=\"has-shape-sharp shape-type-box ehp-cta has-preset-focus\">\n\t\t\t<div class=\"ehp-cta__overlay\"><\/div>\n\t\t\t<div class=\"ehp-cta__elements-container\">\n\t\t\t\t\t\t<div class=\"ehp-cta__text-container\">\n\t\t\t<h2 class=\"ehp-cta__heading\">We will take care of the safety of your car<\/h2><p class=\"ehp-cta__description\">The PARK FLY VILNIUS parking lot is monitored 24\/7, and all vehicles are looked after so that you can find your car safe and tidy when you return.<\/p>\t\t<\/div>\n\t\t\t\t\t<div class=\"ehp-cta__ctas-container\">\n\t\t\t\t<div class=\"ehp-cta__buttons-wrapper\">\n\t\t\t\t\t\t\t<a class=\"has-shape-round shape-type-button ehp-button ehp-button--primary ehp-cta__button ehp-cta__button--primary is-type-button\" href=\"https:\/\/parkflyvilnius.lt\/apie-mus\/\">\n\t\t\t<svg aria-hidden=\"true\" class=\"ehp-button__icon e-font-icon-svg e-fas-arrow-right\" 0=\"ehp-cta__button-icon\" viewBox=\"0 0 448 512\" xmlns=\"http:\/\/www.w3.org\/2000\/svg\"><path d=\"M190.5 66.9l22.2-22.2c9.4-9.4 24.6-9.4 33.9 0L441 239c9.4 9.4 9.4 24.6 0 33.9L246.6 467.3c-9.4 9.4-24.6 9.4-33.9 0l-22.2-22.2c-9.5-9.5-9.3-25 .4-34.3L311.4 296H24c-13.3 0-24-10.7-24-24v-32c0-13.3 10.7-24 24-24h287.4L190.9 101.2c-9.8-9.3-10-24.8-.4-34.3z\"><\/path><\/svg>\t\t<span class=\"ehp-button__text ehp-cta__button-text ehp-cta__button-text--primary\">\n\t\t\tAbout Us\t\t\t\t<\/a>\n\t\t\t\t\t\t\t\t\t\t\t<\/div>\n\t\t\t<\/div>\n\t\t\t\t\t<\/div>\n\t\t<\/div>\n\t\t\t\t\t\t<\/div>\n\t\t\t\t<\/div>\n\t\t\t\t<\/div>\n\t\t<div class=\"elementor-element elementor-element-34d74898 e-con-full e-flex e-con e-child\" data-id=\"34d74898\" data-element_type=\"container\">\n\t\t\t\t<div class=\"elementor-element elementor-element-494e65cb elementor-widget elementor-widget-image\" data-id=\"494e65cb\" data-element_type=\"widget\" data-widget_type=\"image.default\">\n\t\t\t\t\t\t\t\t\t\t\t\t\t\t\t<img decoding=\"async\" width=\"1600\" height=\"1067\" src=\"https:\/\/parkflyvilnius.lt\/wp-content\/uploads\/2025\/12\/y_cczw0uc6e.jpg\" class=\"attachment-full size-full wp-image-3524\" alt=\"a hand is reaching for a piece of luggage\" srcset=\"https:\/\/parkflyvilnius.lt\/wp-content\/uploads\/2025\/12\/y_cczw0uc6e.jpg 1600w, https:\/\/parkflyvilnius.lt\/wp-content\/uploads\/2025\/12\/y_cczw0uc6e-600x400.jpg 600w, https:\/\/parkflyvilnius.lt\/wp-content\/uploads\/2025\/12\/y_cczw0uc6e-300x200.jpg 300w, https:\/\/parkflyvilnius.lt\/wp-content\/uploads\/2025\/12\/y_cczw0uc6e-1024x683.jpg 1024w, https:\/\/parkflyvilnius.lt\/wp-content\/uploads\/2025\/12\/y_cczw0uc6e-768x512.jpg 768w, https:\/\/parkflyvilnius.lt\/wp-content\/uploads\/2025\/12\/y_cczw0uc6e-1536x1024.jpg 1536w\" sizes=\"(max-width: 1600px) 100vw, 1600px\" \/>\t\t\t\t\t\t\t\t\t\t\t\t\t\t\t<\/div>\n\t\t\t\t<\/div>\n\t\t\t\t\t<\/div>\n\t\t\t\t<\/div>\n\t\t\t\t<\/div>\n\t\t","protected":false},"excerpt":{"rendered":"<p>PARK FLY VILNIUS What our customers say about us &#8220;We used PARK FLY VILNIUS before our trip &#8211; we were planning our flight and wanted everything to go smoothly from arrival to airport. I immediately liked the clear and simple booking process &#8211; we chose our parking time and method within minutes. On arrival, the [&hellip;]<\/p>\n","protected":false},"author":2,"featured_media":0,"parent":3634,"menu_order":0,"comment_status":"closed","ping_status":"closed","template":"elementor_header_footer","meta":{"inline_featured_image":false,"footnotes":""},"class_list":["post-3666","page","type-page","status-publish","hentry"],"_links":{"self":[{"href":"https:\/\/parkflyvilnius.lt\/en\/wp-json\/wp\/v2\/pages\/3666","targetHints":{"allow":["GET"]}}],"collection":[{"href":"https:\/\/parkflyvilnius.lt\/en\/wp-json\/wp\/v2\/pages"}],"about":[{"href":"https:\/\/parkflyvilnius.lt\/en\/wp-json\/wp\/v2\/types\/page"}],"author":[{"embeddable":true,"href":"https:\/\/parkflyvilnius.lt\/en\/wp-json\/wp\/v2\/users\/2"}],"replies":[{"embeddable":true,"href":"https:\/\/parkflyvilnius.lt\/en\/wp-json\/wp\/v2\/comments?post=3666"}],"version-history":[{"count":2,"href":"https:\/\/parkflyvilnius.lt\/en\/wp-json\/wp\/v2\/pages\/3666\/revisions"}],"predecessor-version":[{"id":3697,"href":"https:\/\/parkflyvilnius.lt\/en\/wp-json\/wp\/v2\/pages\/3666\/revisions\/3697"}],"up":[{"embeddable":true,"href":"https:\/\/parkflyvilnius.lt\/en\/wp-json\/wp\/v2\/pages\/3634"}],"wp:attachment":[{"href":"https:\/\/parkflyvilnius.lt\/en\/wp-json\/wp\/v2\/media?parent=3666"}],"curies":[{"name":"wp","href":"https:\/\/api.w.org\/{rel}","templated":true}]}}